{"id":874,"date":"2017-10-16T14:23:20","date_gmt":"2017-10-16T12:23:20","guid":{"rendered":"https:\/\/www.caennormandiedeveloppement.fr\/business-sectors\/numerique\/"},"modified":"2020-03-24T16:51:06","modified_gmt":"2020-03-24T15:51:06","slug":"digital","status":"publish","type":"page","link":"https:\/\/www.caennormandiedeveloppement.fr\/en\/activity-sectors\/digital\/","title":{"rendered":"Digital"},"content":{"rendered":"","protected":false},"excerpt":{"rendered":"","protected":false},"author":1,"featured_media":0,"parent":701,"menu_order":2,"comment_status":"closed","ping_status":"closed","template":"page-templates\/tpl-editorial.php","meta":{"_acf_changed":false,"inline_featured_image":false,"footnotes":""},"class_list":["post-874","page","type-page","status-publish","hentry"],"acf":[],"yoast_head":"<!-- This site is optimized with the Yoast SEO plugin v27.3 - https:\/\/yoast.com\/product\/yoast-seo-wordpress\/ -->\n<title>La fili\u00e8re Digital - Caen Normandie D\u00e9veloppement<\/title>\n<meta name=\"description\" content=\"La fili\u00e8re num\u00e9rique est port\u00e9e par le dynamisme de tout un \u00e9cosyst\u00e8me fortement mobilis\u00e9 autour de la Communaut\u00e9 FrenchTech Caen Normandy. Place forte de nombreux projets num\u00e9riques, l&#039;agglom\u00e9ration Caennaise est le berceau de la technologie NFC (Near Field Communication).\" \/>\n<meta name=\"robots\" content=\"index, follow, max-snippet:-1, max-image-preview:large, max-video-preview:-1\" \/>\n<link rel=\"canonical\" href=\"https:\/\/www.caennormandiedeveloppement.fr\/en\/activity-sectors\/digital\/\" \/>\n<meta property=\"og:locale\" content=\"en_US\" \/>\n<meta property=\"og:type\" content=\"article\" \/>\n<meta property=\"og:title\" content=\"La fili\u00e8re Digital - Caen Normandie D\u00e9veloppement\" \/>\n<meta property=\"og:description\" content=\"La fili\u00e8re num\u00e9rique est port\u00e9e par le dynamisme de tout un \u00e9cosyst\u00e8me fortement mobilis\u00e9 autour de la Communaut\u00e9 FrenchTech Caen Normandy. Place forte de nombreux projets num\u00e9riques, l&#039;agglom\u00e9ration Caennaise est le berceau de la technologie NFC (Near Field Communication).\" \/>\n<meta property=\"og:url\" content=\"https:\/\/www.caennormandiedeveloppement.fr\/en\/activity-sectors\/digital\/\" \/>\n<meta property=\"og:site_name\" content=\"Caen Normandie D\u00e9veloppement\" \/>\n<meta property=\"article:publisher\" content=\"https:\/\/www.facebook.com\/caendev\/\" \/>\n<meta property=\"article:modified_time\" content=\"2020-03-24T15:51:06+00:00\" \/>\n<meta name=\"twitter:card\" content=\"summary_large_image\" \/>\n<meta name=\"twitter:site\" content=\"@Caendev\" \/>\n<script type=\"application\/ld+json\" class=\"yoast-schema-graph\">{\"@context\":\"https:\\\/\\\/schema.org\",\"@graph\":[{\"@type\":\"WebPage\",\"@id\":\"https:\\\/\\\/www.caennormandiedeveloppement.fr\\\/en\\\/activity-sectors\\\/digital\\\/\",\"url\":\"https:\\\/\\\/www.caennormandiedeveloppement.fr\\\/en\\\/activity-sectors\\\/digital\\\/\",\"name\":\"La fili\u00e8re Digital - Caen Normandie D\u00e9veloppement\",\"isPartOf\":{\"@id\":\"https:\\\/\\\/www.caennormandiedeveloppement.fr\\\/#website\"},\"datePublished\":\"2017-10-16T12:23:20+00:00\",\"dateModified\":\"2020-03-24T15:51:06+00:00\",\"description\":\"La fili\u00e8re num\u00e9rique est port\u00e9e par le dynamisme de tout un \u00e9cosyst\u00e8me fortement mobilis\u00e9 autour de la Communaut\u00e9 FrenchTech Caen Normandy. Place forte de nombreux projets num\u00e9riques, l'agglom\u00e9ration Caennaise est le berceau de la technologie NFC (Near Field Communication).\",\"breadcrumb\":{\"@id\":\"https:\\\/\\\/www.caennormandiedeveloppement.fr\\\/en\\\/activity-sectors\\\/digital\\\/#breadcrumb\"},\"inLanguage\":\"en-US\",\"potentialAction\":[{\"@type\":\"ReadAction\",\"target\":[\"https:\\\/\\\/www.caennormandiedeveloppement.fr\\\/en\\\/activity-sectors\\\/digital\\\/\"]}]},{\"@type\":\"BreadcrumbList\",\"@id\":\"https:\\\/\\\/www.caennormandiedeveloppement.fr\\\/en\\\/activity-sectors\\\/digital\\\/#breadcrumb\",\"itemListElement\":[{\"@type\":\"ListItem\",\"position\":1,\"name\":\"Invest\",\"item\":\"https:\\\/\\\/www.caennormandiedeveloppement.fr\\\/en\\\/activity-sectors\\\/\"},{\"@type\":\"ListItem\",\"position\":2,\"name\":\"Digital\"}]},{\"@type\":\"WebSite\",\"@id\":\"https:\\\/\\\/www.caennormandiedeveloppement.fr\\\/#website\",\"url\":\"https:\\\/\\\/www.caennormandiedeveloppement.fr\\\/\",\"name\":\"Caen Normandie D\u00e9veloppement\",\"description\":\"Nous accompagnons tous les projets d&#039;entreprise \u00e0 Caen Normandie\",\"publisher\":{\"@id\":\"https:\\\/\\\/www.caennormandiedeveloppement.fr\\\/#organization\"},\"potentialAction\":[{\"@type\":\"SearchAction\",\"target\":{\"@type\":\"EntryPoint\",\"urlTemplate\":\"https:\\\/\\\/www.caennormandiedeveloppement.fr\\\/?s={search_term_string}\"},\"query-input\":{\"@type\":\"PropertyValueSpecification\",\"valueRequired\":true,\"valueName\":\"search_term_string\"}}],\"inLanguage\":\"en-US\"},{\"@type\":\"Organization\",\"@id\":\"https:\\\/\\\/www.caennormandiedeveloppement.fr\\\/#organization\",\"name\":\"Caen Normandie D\u00e9veloppement\",\"url\":\"https:\\\/\\\/www.caennormandiedeveloppement.fr\\\/\",\"logo\":{\"@type\":\"ImageObject\",\"inLanguage\":\"en-US\",\"@id\":\"https:\\\/\\\/www.caennormandiedeveloppement.fr\\\/#\\\/schema\\\/logo\\\/image\\\/\",\"url\":\"https:\\\/\\\/www.caennormandiedeveloppement.fr\\\/wp-content\\\/uploads\\\/2017\\\/11\\\/logo-caen-normandie-developpement.jpg\",\"contentUrl\":\"https:\\\/\\\/www.caennormandiedeveloppement.fr\\\/wp-content\\\/uploads\\\/2017\\\/11\\\/logo-caen-normandie-developpement.jpg\",\"width\":195,\"height\":98,\"caption\":\"Caen Normandie D\u00e9veloppement\"},\"image\":{\"@id\":\"https:\\\/\\\/www.caennormandiedeveloppement.fr\\\/#\\\/schema\\\/logo\\\/image\\\/\"},\"sameAs\":[\"https:\\\/\\\/www.facebook.com\\\/caendev\\\/\",\"https:\\\/\\\/x.com\\\/Caendev\",\"https:\\\/\\\/www.linkedin.com\\\/company\\\/caen-normandie-d\u00e9veloppement\\\/\",\"https:\\\/\\\/www.youtube.com\\\/channel\\\/UCa4PVVzl-eB68AiFlZAnFJg\"]}]}<\/script>\n<!-- \/ Yoast SEO plugin. -->","yoast_head_json":{"title":"La fili\u00e8re Digital - Caen Normandie D\u00e9veloppement","description":"La fili\u00e8re num\u00e9rique est port\u00e9e par le dynamisme de tout un \u00e9cosyst\u00e8me fortement mobilis\u00e9 autour de la Communaut\u00e9 FrenchTech Caen Normandy. Place forte de nombreux projets num\u00e9riques, l'agglom\u00e9ration Caennaise est le berceau de la technologie NFC (Near Field Communication).","robots":{"index":"index","follow":"follow","max-snippet":"max-snippet:-1","max-image-preview":"max-image-preview:large","max-video-preview":"max-video-preview:-1"},"canonical":"https:\/\/www.caennormandiedeveloppement.fr\/en\/activity-sectors\/digital\/","og_locale":"en_US","og_type":"article","og_title":"La fili\u00e8re Digital - Caen Normandie D\u00e9veloppement","og_description":"La fili\u00e8re num\u00e9rique est port\u00e9e par le dynamisme de tout un \u00e9cosyst\u00e8me fortement mobilis\u00e9 autour de la Communaut\u00e9 FrenchTech Caen Normandy. Place forte de nombreux projets num\u00e9riques, l'agglom\u00e9ration Caennaise est le berceau de la technologie NFC (Near Field Communication).","og_url":"https:\/\/www.caennormandiedeveloppement.fr\/en\/activity-sectors\/digital\/","og_site_name":"Caen Normandie D\u00e9veloppement","article_publisher":"https:\/\/www.facebook.com\/caendev\/","article_modified_time":"2020-03-24T15:51:06+00:00","twitter_card":"summary_large_image","twitter_site":"@Caendev","schema":{"@context":"https:\/\/schema.org","@graph":[{"@type":"WebPage","@id":"https:\/\/www.caennormandiedeveloppement.fr\/en\/activity-sectors\/digital\/","url":"https:\/\/www.caennormandiedeveloppement.fr\/en\/activity-sectors\/digital\/","name":"La fili\u00e8re Digital - Caen Normandie D\u00e9veloppement","isPartOf":{"@id":"https:\/\/www.caennormandiedeveloppement.fr\/#website"},"datePublished":"2017-10-16T12:23:20+00:00","dateModified":"2020-03-24T15:51:06+00:00","description":"La fili\u00e8re num\u00e9rique est port\u00e9e par le dynamisme de tout un \u00e9cosyst\u00e8me fortement mobilis\u00e9 autour de la Communaut\u00e9 FrenchTech Caen Normandy. Place forte de nombreux projets num\u00e9riques, l'agglom\u00e9ration Caennaise est le berceau de la technologie NFC (Near Field Communication).","breadcrumb":{"@id":"https:\/\/www.caennormandiedeveloppement.fr\/en\/activity-sectors\/digital\/#breadcrumb"},"inLanguage":"en-US","potentialAction":[{"@type":"ReadAction","target":["https:\/\/www.caennormandiedeveloppement.fr\/en\/activity-sectors\/digital\/"]}]},{"@type":"BreadcrumbList","@id":"https:\/\/www.caennormandiedeveloppement.fr\/en\/activity-sectors\/digital\/#breadcrumb","itemListElement":[{"@type":"ListItem","position":1,"name":"Invest","item":"https:\/\/www.caennormandiedeveloppement.fr\/en\/activity-sectors\/"},{"@type":"ListItem","position":2,"name":"Digital"}]},{"@type":"WebSite","@id":"https:\/\/www.caennormandiedeveloppement.fr\/#website","url":"https:\/\/www.caennormandiedeveloppement.fr\/","name":"Caen Normandie D\u00e9veloppement","description":"Nous accompagnons tous les projets d&#039;entreprise \u00e0 Caen Normandie","publisher":{"@id":"https:\/\/www.caennormandiedeveloppement.fr\/#organization"},"potentialAction":[{"@type":"SearchAction","target":{"@type":"EntryPoint","urlTemplate":"https:\/\/www.caennormandiedeveloppement.fr\/?s={search_term_string}"},"query-input":{"@type":"PropertyValueSpecification","valueRequired":true,"valueName":"search_term_string"}}],"inLanguage":"en-US"},{"@type":"Organization","@id":"https:\/\/www.caennormandiedeveloppement.fr\/#organization","name":"Caen Normandie D\u00e9veloppement","url":"https:\/\/www.caennormandiedeveloppement.fr\/","logo":{"@type":"ImageObject","inLanguage":"en-US","@id":"https:\/\/www.caennormandiedeveloppement.fr\/#\/schema\/logo\/image\/","url":"https:\/\/www.caennormandiedeveloppement.fr\/wp-content\/uploads\/2017\/11\/logo-caen-normandie-developpement.jpg","contentUrl":"https:\/\/www.caennormandiedeveloppement.fr\/wp-content\/uploads\/2017\/11\/logo-caen-normandie-developpement.jpg","width":195,"height":98,"caption":"Caen Normandie D\u00e9veloppement"},"image":{"@id":"https:\/\/www.caennormandiedeveloppement.fr\/#\/schema\/logo\/image\/"},"sameAs":["https:\/\/www.facebook.com\/caendev\/","https:\/\/x.com\/Caendev","https:\/\/www.linkedin.com\/company\/caen-normandie-d\u00e9veloppement\/","https:\/\/www.youtube.com\/channel\/UCa4PVVzl-eB68AiFlZAnFJg"]}]}},"_links":{"self":[{"href":"https:\/\/www.caennormandiedeveloppement.fr\/en\/wp-json\/wp\/v2\/pages\/874","targetHints":{"allow":["GET"]}}],"collection":[{"href":"https:\/\/www.caennormandiedeveloppement.fr\/en\/wp-json\/wp\/v2\/pages"}],"about":[{"href":"https:\/\/www.caennormandiedeveloppement.fr\/en\/wp-json\/wp\/v2\/types\/page"}],"author":[{"embeddable":true,"href":"https:\/\/www.caennormandiedeveloppement.fr\/en\/wp-json\/wp\/v2\/users\/1"}],"replies":[{"embeddable":true,"href":"https:\/\/www.caennormandiedeveloppement.fr\/en\/wp-json\/wp\/v2\/comments?post=874"}],"version-history":[{"count":0,"href":"https:\/\/www.caennormandiedeveloppement.fr\/en\/wp-json\/wp\/v2\/pages\/874\/revisions"}],"up":[{"embeddable":true,"href":"https:\/\/www.caennormandiedeveloppement.fr\/en\/wp-json\/wp\/v2\/pages\/701"}],"wp:attachment":[{"href":"https:\/\/www.caennormandiedeveloppement.fr\/en\/wp-json\/wp\/v2\/media?parent=874"}],"curies":[{"name":"wp","href":"https:\/\/api.w.org\/{rel}","templated":true}]}}