{"id":350,"date":"2017-10-02T14:46:58","date_gmt":"2017-10-02T12:46:58","guid":{"rendered":"https:\/\/www.caennormandiedeveloppement.fr\/louer-une-salle\/"},"modified":"2024-11-29T16:36:33","modified_gmt":"2024-11-29T15:36:33","slug":"hire-a-meeting-room","status":"publish","type":"page","link":"https:\/\/www.caennormandiedeveloppement.fr\/en\/setting-up-and-setting-off\/hire-a-meeting-room\/","title":{"rendered":"Hire a meeting room"},"content":{"rendered":"","protected":false},"excerpt":{"rendered":"","protected":false},"author":1,"featured_media":0,"parent":700,"menu_order":7,"comment_status":"closed","ping_status":"closed","template":"page-templates\/tpl-louer-salle.php","meta":{"_acf_changed":false,"inline_featured_image":false,"footnotes":""},"class_list":["post-350","page","type-page","status-publish","hentry"],"acf":[],"yoast_head":"<!-- This site is optimized with the Yoast SEO plugin v27.3 - https:\/\/yoast.com\/product\/yoast-seo-wordpress\/ -->\n<title>Hire a meeting room - Caen Normandie D\u00e9veloppement<\/title>\n<meta name=\"description\" content=\"Louer de nombreux espaces en location au sein des p\u00e9pini\u00e8res d&#039;entreprises de Caen la mer et ses alentours, comme une salle de r\u00e9union, des bureaux...\" \/>\n<meta name=\"robots\" content=\"index, follow, max-snippet:-1, max-image-preview:large, max-video-preview:-1\" \/>\n<link rel=\"canonical\" href=\"https:\/\/www.caennormandiedeveloppement.fr\/en\/setting-up-and-setting-off\/hire-a-meeting-room\/\" \/>\n<meta property=\"og:locale\" content=\"en_US\" \/>\n<meta property=\"og:type\" content=\"article\" \/>\n<meta property=\"og:title\" content=\"Hire a meeting room - Caen Normandie D\u00e9veloppement\" \/>\n<meta property=\"og:description\" content=\"Louer de nombreux espaces en location au sein des p\u00e9pini\u00e8res d&#039;entreprises de Caen la mer et ses alentours, comme une salle de r\u00e9union, des bureaux...\" \/>\n<meta property=\"og:url\" content=\"https:\/\/www.caennormandiedeveloppement.fr\/en\/setting-up-and-setting-off\/hire-a-meeting-room\/\" \/>\n<meta property=\"og:site_name\" content=\"Caen Normandie D\u00e9veloppement\" \/>\n<meta property=\"article:publisher\" content=\"https:\/\/www.facebook.com\/caendev\/\" \/>\n<meta property=\"article:modified_time\" content=\"2024-11-29T15:36:33+00:00\" \/>\n<meta name=\"twitter:card\" content=\"summary_large_image\" \/>\n<meta name=\"twitter:site\" content=\"@Caendev\" \/>\n<script type=\"application\/ld+json\" class=\"yoast-schema-graph\">{\"@context\":\"https:\\\/\\\/schema.org\",\"@graph\":[{\"@type\":\"WebPage\",\"@id\":\"https:\\\/\\\/www.caennormandiedeveloppement.fr\\\/en\\\/setting-up-and-setting-off\\\/hire-a-meeting-room\\\/\",\"url\":\"https:\\\/\\\/www.caennormandiedeveloppement.fr\\\/en\\\/setting-up-and-setting-off\\\/hire-a-meeting-room\\\/\",\"name\":\"Hire a meeting room - Caen Normandie D\u00e9veloppement\",\"isPartOf\":{\"@id\":\"https:\\\/\\\/www.caennormandiedeveloppement.fr\\\/#website\"},\"datePublished\":\"2017-10-02T12:46:58+00:00\",\"dateModified\":\"2024-11-29T15:36:33+00:00\",\"description\":\"Louer de nombreux espaces en location au sein des p\u00e9pini\u00e8res d'entreprises de Caen la mer et ses alentours, comme une salle de r\u00e9union, des bureaux...\",\"breadcrumb\":{\"@id\":\"https:\\\/\\\/www.caennormandiedeveloppement.fr\\\/en\\\/setting-up-and-setting-off\\\/hire-a-meeting-room\\\/#breadcrumb\"},\"inLanguage\":\"en-US\",\"potentialAction\":[{\"@type\":\"ReadAction\",\"target\":[\"https:\\\/\\\/www.caennormandiedeveloppement.fr\\\/en\\\/setting-up-and-setting-off\\\/hire-a-meeting-room\\\/\"]}]},{\"@type\":\"BreadcrumbList\",\"@id\":\"https:\\\/\\\/www.caennormandiedeveloppement.fr\\\/en\\\/setting-up-and-setting-off\\\/hire-a-meeting-room\\\/#breadcrumb\",\"itemListElement\":[{\"@type\":\"ListItem\",\"position\":1,\"name\":\"Setting up and setting off\",\"item\":\"https:\\\/\\\/www.caennormandiedeveloppement.fr\\\/en\\\/setting-up-and-setting-off\\\/\"},{\"@type\":\"ListItem\",\"position\":2,\"name\":\"Hire a meeting room\"}]},{\"@type\":\"WebSite\",\"@id\":\"https:\\\/\\\/www.caennormandiedeveloppement.fr\\\/#website\",\"url\":\"https:\\\/\\\/www.caennormandiedeveloppement.fr\\\/\",\"name\":\"Caen Normandie D\u00e9veloppement\",\"description\":\"Nous accompagnons tous les projets d&#039;entreprise \u00e0 Caen Normandie\",\"publisher\":{\"@id\":\"https:\\\/\\\/www.caennormandiedeveloppement.fr\\\/#organization\"},\"potentialAction\":[{\"@type\":\"SearchAction\",\"target\":{\"@type\":\"EntryPoint\",\"urlTemplate\":\"https:\\\/\\\/www.caennormandiedeveloppement.fr\\\/?s={search_term_string}\"},\"query-input\":{\"@type\":\"PropertyValueSpecification\",\"valueRequired\":true,\"valueName\":\"search_term_string\"}}],\"inLanguage\":\"en-US\"},{\"@type\":\"Organization\",\"@id\":\"https:\\\/\\\/www.caennormandiedeveloppement.fr\\\/#organization\",\"name\":\"Caen Normandie D\u00e9veloppement\",\"url\":\"https:\\\/\\\/www.caennormandiedeveloppement.fr\\\/\",\"logo\":{\"@type\":\"ImageObject\",\"inLanguage\":\"en-US\",\"@id\":\"https:\\\/\\\/www.caennormandiedeveloppement.fr\\\/#\\\/schema\\\/logo\\\/image\\\/\",\"url\":\"https:\\\/\\\/www.caennormandiedeveloppement.fr\\\/wp-content\\\/uploads\\\/2017\\\/11\\\/logo-caen-normandie-developpement.jpg\",\"contentUrl\":\"https:\\\/\\\/www.caennormandiedeveloppement.fr\\\/wp-content\\\/uploads\\\/2017\\\/11\\\/logo-caen-normandie-developpement.jpg\",\"width\":195,\"height\":98,\"caption\":\"Caen Normandie D\u00e9veloppement\"},\"image\":{\"@id\":\"https:\\\/\\\/www.caennormandiedeveloppement.fr\\\/#\\\/schema\\\/logo\\\/image\\\/\"},\"sameAs\":[\"https:\\\/\\\/www.facebook.com\\\/caendev\\\/\",\"https:\\\/\\\/x.com\\\/Caendev\",\"https:\\\/\\\/www.linkedin.com\\\/company\\\/caen-normandie-d\u00e9veloppement\\\/\",\"https:\\\/\\\/www.youtube.com\\\/channel\\\/UCa4PVVzl-eB68AiFlZAnFJg\"]}]}<\/script>\n<!-- \/ Yoast SEO plugin. -->","yoast_head_json":{"title":"Hire a meeting room - Caen Normandie D\u00e9veloppement","description":"Louer de nombreux espaces en location au sein des p\u00e9pini\u00e8res d'entreprises de Caen la mer et ses alentours, comme une salle de r\u00e9union, des bureaux...","robots":{"index":"index","follow":"follow","max-snippet":"max-snippet:-1","max-image-preview":"max-image-preview:large","max-video-preview":"max-video-preview:-1"},"canonical":"https:\/\/www.caennormandiedeveloppement.fr\/en\/setting-up-and-setting-off\/hire-a-meeting-room\/","og_locale":"en_US","og_type":"article","og_title":"Hire a meeting room - Caen Normandie D\u00e9veloppement","og_description":"Louer de nombreux espaces en location au sein des p\u00e9pini\u00e8res d'entreprises de Caen la mer et ses alentours, comme une salle de r\u00e9union, des bureaux...","og_url":"https:\/\/www.caennormandiedeveloppement.fr\/en\/setting-up-and-setting-off\/hire-a-meeting-room\/","og_site_name":"Caen Normandie D\u00e9veloppement","article_publisher":"https:\/\/www.facebook.com\/caendev\/","article_modified_time":"2024-11-29T15:36:33+00:00","twitter_card":"summary_large_image","twitter_site":"@Caendev","schema":{"@context":"https:\/\/schema.org","@graph":[{"@type":"WebPage","@id":"https:\/\/www.caennormandiedeveloppement.fr\/en\/setting-up-and-setting-off\/hire-a-meeting-room\/","url":"https:\/\/www.caennormandiedeveloppement.fr\/en\/setting-up-and-setting-off\/hire-a-meeting-room\/","name":"Hire a meeting room - Caen Normandie D\u00e9veloppement","isPartOf":{"@id":"https:\/\/www.caennormandiedeveloppement.fr\/#website"},"datePublished":"2017-10-02T12:46:58+00:00","dateModified":"2024-11-29T15:36:33+00:00","description":"Louer de nombreux espaces en location au sein des p\u00e9pini\u00e8res d'entreprises de Caen la mer et ses alentours, comme une salle de r\u00e9union, des bureaux...","breadcrumb":{"@id":"https:\/\/www.caennormandiedeveloppement.fr\/en\/setting-up-and-setting-off\/hire-a-meeting-room\/#breadcrumb"},"inLanguage":"en-US","potentialAction":[{"@type":"ReadAction","target":["https:\/\/www.caennormandiedeveloppement.fr\/en\/setting-up-and-setting-off\/hire-a-meeting-room\/"]}]},{"@type":"BreadcrumbList","@id":"https:\/\/www.caennormandiedeveloppement.fr\/en\/setting-up-and-setting-off\/hire-a-meeting-room\/#breadcrumb","itemListElement":[{"@type":"ListItem","position":1,"name":"Setting up and setting off","item":"https:\/\/www.caennormandiedeveloppement.fr\/en\/setting-up-and-setting-off\/"},{"@type":"ListItem","position":2,"name":"Hire a meeting room"}]},{"@type":"WebSite","@id":"https:\/\/www.caennormandiedeveloppement.fr\/#website","url":"https:\/\/www.caennormandiedeveloppement.fr\/","name":"Caen Normandie D\u00e9veloppement","description":"Nous accompagnons tous les projets d&#039;entreprise \u00e0 Caen Normandie","publisher":{"@id":"https:\/\/www.caennormandiedeveloppement.fr\/#organization"},"potentialAction":[{"@type":"SearchAction","target":{"@type":"EntryPoint","urlTemplate":"https:\/\/www.caennormandiedeveloppement.fr\/?s={search_term_string}"},"query-input":{"@type":"PropertyValueSpecification","valueRequired":true,"valueName":"search_term_string"}}],"inLanguage":"en-US"},{"@type":"Organization","@id":"https:\/\/www.caennormandiedeveloppement.fr\/#organization","name":"Caen Normandie D\u00e9veloppement","url":"https:\/\/www.caennormandiedeveloppement.fr\/","logo":{"@type":"ImageObject","inLanguage":"en-US","@id":"https:\/\/www.caennormandiedeveloppement.fr\/#\/schema\/logo\/image\/","url":"https:\/\/www.caennormandiedeveloppement.fr\/wp-content\/uploads\/2017\/11\/logo-caen-normandie-developpement.jpg","contentUrl":"https:\/\/www.caennormandiedeveloppement.fr\/wp-content\/uploads\/2017\/11\/logo-caen-normandie-developpement.jpg","width":195,"height":98,"caption":"Caen Normandie D\u00e9veloppement"},"image":{"@id":"https:\/\/www.caennormandiedeveloppement.fr\/#\/schema\/logo\/image\/"},"sameAs":["https:\/\/www.facebook.com\/caendev\/","https:\/\/x.com\/Caendev","https:\/\/www.linkedin.com\/company\/caen-normandie-d\u00e9veloppement\/","https:\/\/www.youtube.com\/channel\/UCa4PVVzl-eB68AiFlZAnFJg"]}]}},"_links":{"self":[{"href":"https:\/\/www.caennormandiedeveloppement.fr\/en\/wp-json\/wp\/v2\/pages\/350","targetHints":{"allow":["GET"]}}],"collection":[{"href":"https:\/\/www.caennormandiedeveloppement.fr\/en\/wp-json\/wp\/v2\/pages"}],"about":[{"href":"https:\/\/www.caennormandiedeveloppement.fr\/en\/wp-json\/wp\/v2\/types\/page"}],"author":[{"embeddable":true,"href":"https:\/\/www.caennormandiedeveloppement.fr\/en\/wp-json\/wp\/v2\/users\/1"}],"replies":[{"embeddable":true,"href":"https:\/\/www.caennormandiedeveloppement.fr\/en\/wp-json\/wp\/v2\/comments?post=350"}],"version-history":[{"count":0,"href":"https:\/\/www.caennormandiedeveloppement.fr\/en\/wp-json\/wp\/v2\/pages\/350\/revisions"}],"up":[{"embeddable":true,"href":"https:\/\/www.caennormandiedeveloppement.fr\/en\/wp-json\/wp\/v2\/pages\/700"}],"wp:attachment":[{"href":"https:\/\/www.caennormandiedeveloppement.fr\/en\/wp-json\/wp\/v2\/media?parent=350"}],"curies":[{"name":"wp","href":"https:\/\/api.w.org\/{rel}","templated":true}]}}